{"id":16679,"date":"2024-05-10T15:14:39","date_gmt":"2024-05-10T12:14:39","guid":{"rendered":"https:\/\/efir.club\/product\/abode-modular-trays\/"},"modified":"2024-05-10T16:45:05","modified_gmt":"2024-05-10T13:45:05","slug":"abode-modular-trays","status":"publish","type":"product","link":"https:\/\/efir.club\/en\/shop\/abode-line-en\/abode-modular-trays\/","title":{"rendered":"ab\u014dde Modular Trays"},"content":{"rendered":"<h2>Description<\/h2>\n<\/p>\n<p>This durable walnut tray set will keep things tidy and corral your countertop clutter. The magnetic doTERRA ab\u014dde Modular Trays are customizable and look handsome in any kitchen.<\/p>\n<h2>Instructions<\/h2>\n<p>Each walnut tray and removable silicone lining can be hand washed with gentle soap and warm water. Do not soak. Dry thoroughly with a doTERRA ab\u014dde Microfiber Cloth (sold separately).<\/p>\n<p>*Dispensers not included.<\/p>\n<\/p>\n<h2>Primary Benefits<\/h2>\n<ul>\n<li>Keeps your sink-side necessities close and contained<\/li>\n<li>Easy-to-clean, removable silicone lining provides non-slip surface<\/li>\n<li>Made from premium, durable walnut wood<\/li>\n<li>Modular magnetic design for a customizable configuration<\/li>\n<li>Each tray is 8\u201d x 4\u201d<\/li>\n<\/ul>\n<div id=\"more-info2\">\n","protected":false},"excerpt":{"rendered":"<p>Give your doTERRA ab\u014dde products a beautiful and convenient home on your countertop with the doTERRA ab\u014dde Modular Trays.<\/p>\n","protected":false},"featured_media":16485,"template":"","meta":[],"product_brand":[],"product_cat":[6765],"product_tag":[],"class_list":{"0":"post-16679","1":"product","2":"type-product","3":"status-publish","4":"has-post-thumbnail","6":"product_cat-abode-line-en","7":"pa_virobnik-doterra","9":"first","10":"instock","11":"sale","12":"purchasable","13":"product-type-simple"},"yoast_head":"<!-- This site is optimized with the Yoast SEO Premium plugin v24.0 (Yoast SEO v24.3) - https:\/\/yoast.com\/wordpress\/plugins\/seo\/ -->\n<title>ab\u014dde Modular Trays &#8226; Efir Club &#8226; doTerra<\/title>\n<meta name=\"description\" content=\"Give your doTERRA ab\u014dde products a beautiful and convenient home on your countertop with the doTERRA ab\u014dde Modular Trays. \u041f\u0440\u043e\u0434\u0443\u043a\u0446\u0456\u044f \u043a\u043e\u043c\u043f\u0430\u043d\u0456\u0457 doTerra (\u0434\u043e\u0422\u0435\u0440\u0440\u0430)\" \/>\n<meta name=\"robots\" content=\"index, follow, max-snippet:-1, max-image-preview:large, max-video-preview:-1\" \/>\n<meta property=\"og:locale\" content=\"en_US\" \/>\n<meta property=\"og:type\" content=\"article\" \/>\n<meta property=\"og:title\" content=\"ab\u014dde Modular Trays &#8226; Efir Club &#8226; doTerra\" \/>\n<meta property=\"og:description\" content=\"Give your doTERRA ab\u014dde products a beautiful and convenient home on your countertop with the doTERRA ab\u014dde Modular Trays. \u041f\u0440\u043e\u0434\u0443\u043a\u0446\u0456\u044f \u043a\u043e\u043c\u043f\u0430\u043d\u0456\u0457 doTerra (\u0434\u043e\u0422\u0435\u0440\u0440\u0430)\" \/>\n<meta property=\"og:url\" content=\"https:\/\/efir.club\/en\/shop\/abode-line-en\/abode-modular-trays\/\" \/>\n<meta property=\"og:site_name\" content=\"Efir Club\" \/>\n<meta property=\"article:publisher\" content=\"https:\/\/www.facebook.com\/efir.club\" \/>\n<meta property=\"article:modified_time\" content=\"2024-05-10T13:45:05+00:00\" \/>\n<meta property=\"og:image\" content=\"https:\/\/efir.club\/wp-content\/uploads\/2024\/05\/27960255741982.png\" \/>\n\t<meta property=\"og:image:width\" content=\"546\" \/>\n\t<meta property=\"og:image:height\" content=\"819\" \/>\n\t<meta property=\"og:image:type\" content=\"image\/png\" \/>\n<meta name=\"twitter:card\" content=\"summary_large_image\" \/>\n<meta name=\"twitter:label1\" content=\"Price\" \/>\n\t<meta name=\"twitter:data1\" content=\"16.00&nbsp;&#036;\" \/>\n\t<meta name=\"twitter:label2\" content=\"Availability\" \/>\n\t<meta name=\"twitter:data2\" content=\"In stock\" \/>\n<script type=\"application\/ld+json\" class=\"yoast-schema-graph\">{\"@context\":\"https:\/\/schema.org\",\"@graph\":[{\"@type\":\"WebPage\",\"@id\":\"https:\/\/efir.club\/en\/shop\/abode-line-en\/abode-modular-trays\/\",\"url\":\"https:\/\/efir.club\/en\/shop\/abode-line-en\/abode-modular-trays\/\",\"name\":\"ab\u014dde Modular Trays &#8226; Efir Club &#8226; doTerra\",\"isPartOf\":{\"@id\":\"https:\/\/efir.club\/en\/#website\"},\"primaryImageOfPage\":{\"@id\":\"https:\/\/efir.club\/en\/shop\/abode-line-en\/abode-modular-trays\/#primaryimage\"},\"image\":{\"@id\":\"https:\/\/efir.club\/en\/shop\/abode-line-en\/abode-modular-trays\/#primaryimage\"},\"thumbnailUrl\":\"https:\/\/efir.club\/wp-content\/uploads\/2024\/05\/27960255741982.png\",\"datePublished\":\"2024-05-10T12:14:39+00:00\",\"dateModified\":\"2024-05-10T13:45:05+00:00\",\"description\":\"Give your doTERRA ab\u014dde products a beautiful and convenient home on your countertop with the doTERRA ab\u014dde Modular Trays. \u041f\u0440\u043e\u0434\u0443\u043a\u0446\u0456\u044f \u043a\u043e\u043c\u043f\u0430\u043d\u0456\u0457 doTerra (\u0434\u043e\u0422\u0435\u0440\u0440\u0430)\",\"breadcrumb\":{\"@id\":\"https:\/\/efir.club\/en\/shop\/abode-line-en\/abode-modular-trays\/#breadcrumb\"},\"inLanguage\":\"en-US\",\"potentialAction\":[{\"@type\":\"ReadAction\",\"target\":[\"https:\/\/efir.club\/en\/shop\/abode-line-en\/abode-modular-trays\/\"]}]},{\"@type\":\"ImageObject\",\"inLanguage\":\"en-US\",\"@id\":\"https:\/\/efir.club\/en\/shop\/abode-line-en\/abode-modular-trays\/#primaryimage\",\"url\":\"https:\/\/efir.club\/wp-content\/uploads\/2024\/05\/27960255741982.png\",\"contentUrl\":\"https:\/\/efir.club\/wp-content\/uploads\/2024\/05\/27960255741982.png\",\"width\":546,\"height\":819},{\"@type\":\"BreadcrumbList\",\"@id\":\"https:\/\/efir.club\/en\/shop\/abode-line-en\/abode-modular-trays\/#breadcrumb\",\"itemListElement\":[{\"@type\":\"ListItem\",\"position\":1,\"name\":\"Home\",\"item\":\"https:\/\/efir.club\/en\/\"},{\"@type\":\"ListItem\",\"position\":2,\"name\":\"Shop\",\"item\":\"https:\/\/efir.club\/en\/shop\/\"},{\"@type\":\"ListItem\",\"position\":3,\"name\":\"ab\u014dde Line\",\"item\":\"https:\/\/efir.club\/en\/shop\/abode-line-en\/\"},{\"@type\":\"ListItem\",\"position\":4,\"name\":\"ab\u014dde Modular Trays\"}]},{\"@type\":\"WebSite\",\"@id\":\"https:\/\/efir.club\/en\/#website\",\"url\":\"https:\/\/efir.club\/en\/\",\"name\":\"Efir Club\",\"description\":\"\u0415\u0444\u0456\u0440 \u043a\u043b\u0430\u0431\",\"publisher\":{\"@id\":\"https:\/\/efir.club\/en\/#organization\"},\"alternateName\":\"\u0415\u0444\u0456\u0440 \u041a\u043b\u0430\u0431\",\"potentialAction\":[{\"@type\":\"SearchAction\",\"target\":{\"@type\":\"EntryPoint\",\"urlTemplate\":\"https:\/\/efir.club\/en\/?s={search_term_string}\"},\"query-input\":{\"@type\":\"PropertyValueSpecification\",\"valueRequired\":true,\"valueName\":\"search_term_string\"}}],\"inLanguage\":\"en-US\"},{\"@type\":\"Organization\",\"@id\":\"https:\/\/efir.club\/en\/#organization\",\"name\":\"\u0415\u0444\u0456\u0440 \u041a\u043b\u0430\u0431\",\"alternateName\":\"\u0415\u0444\u0456\u0440 \u041a\u043b\u0430\u0431\",\"url\":\"https:\/\/efir.club\/en\/\",\"logo\":{\"@type\":\"ImageObject\",\"inLanguage\":\"en-US\",\"@id\":\"https:\/\/efir.club\/en\/#\/schema\/logo\/image\/\",\"url\":\"https:\/\/efir.club\/wp-content\/uploads\/2023\/10\/512-min-efir-club.png\",\"contentUrl\":\"https:\/\/efir.club\/wp-content\/uploads\/2023\/10\/512-min-efir-club.png\",\"width\":512,\"height\":512,\"caption\":\"\u0415\u0444\u0456\u0440 \u041a\u043b\u0430\u0431\"},\"image\":{\"@id\":\"https:\/\/efir.club\/en\/#\/schema\/logo\/image\/\"},\"sameAs\":[\"https:\/\/www.facebook.com\/efir.club\",\"https:\/\/www.instagram.com\/efirclub.ua\",\"https:\/\/t.me\/efirclubgroup\"],\"description\":\"\u0414\u0438\u0441\u0442\u0440\u0438\u0431\u044e\u0446\u0456\u044f \u043f\u0440\u043e\u0434\u0443\u043a\u0446\u0456\u0457 \u0435\u0444\u0456\u0440\u043d\u0438\u0445 \u043e\u043b\u0456\u0439 doTerra. \u0411\u0456\u0437\u043d\u0435\u0441-\u043a\u0443\u0440\u0441\u0438 \u0442\u0430 \u043d\u0430\u0432\u0447\u0430\u043d\u043d\u044f \u041c\u041b\u041c. EFIR CLUB \u2013 \u0432\u043b\u0430\u0441\u043d\u0435 \u043e\u0431\u2019\u0454\u0434\u043d\u0430\u043d\u043d\u044f \u0443 \u043a\u043e\u043c\u043f\u0430\u043d\u0456\u0457 \u043d\u0430\u0434\u0456\u0439\u043d\u0438\u0445 \u043f\u0430\u0440\u0442\u043d\u0435\u0440\u0456\u0432.\"}]}<\/script>\n<meta property=\"product:price:amount\" content=\"16.00\" \/>\n<meta property=\"product:price:currency\" content=\"USD\" \/>\n<meta property=\"og:availability\" content=\"instock\" \/>\n<meta property=\"product:availability\" content=\"instock\" \/>\n<meta property=\"product:retailer_item_id\" content=\"60218576\" \/>\n<meta property=\"product:condition\" content=\"new\" \/>\n<!-- \/ Yoast SEO Premium plugin. -->","yoast_head_json":{"title":"ab\u014dde Modular Trays &#8226; Efir Club &#8226; doTerra","description":"Give your doTERRA ab\u014dde products a beautiful and convenient home on your countertop with the doTERRA ab\u014dde Modular Trays. \u041f\u0440\u043e\u0434\u0443\u043a\u0446\u0456\u044f \u043a\u043e\u043c\u043f\u0430\u043d\u0456\u0457 doTerra (\u0434\u043e\u0422\u0435\u0440\u0440\u0430)","robots":{"index":"index","follow":"follow","max-snippet":"max-snippet:-1","max-image-preview":"max-image-preview:large","max-video-preview":"max-video-preview:-1"},"og_locale":"en_US","og_type":"article","og_title":"ab\u014dde Modular Trays &#8226; Efir Club &#8226; doTerra","og_description":"Give your doTERRA ab\u014dde products a beautiful and convenient home on your countertop with the doTERRA ab\u014dde Modular Trays. \u041f\u0440\u043e\u0434\u0443\u043a\u0446\u0456\u044f \u043a\u043e\u043c\u043f\u0430\u043d\u0456\u0457 doTerra (\u0434\u043e\u0422\u0435\u0440\u0440\u0430)","og_url":"https:\/\/efir.club\/en\/shop\/abode-line-en\/abode-modular-trays\/","og_site_name":"Efir Club","article_publisher":"https:\/\/www.facebook.com\/efir.club","article_modified_time":"2024-05-10T13:45:05+00:00","og_image":[{"width":546,"height":819,"url":"https:\/\/efir.club\/wp-content\/uploads\/2024\/05\/27960255741982.png","type":"image\/png"}],"twitter_card":"summary_large_image","twitter_misc":{"Price":"16.00&nbsp;&#36;","Availability":"In stock"},"schema":{"@context":"https:\/\/schema.org","@graph":[{"@type":"WebPage","@id":"https:\/\/efir.club\/en\/shop\/abode-line-en\/abode-modular-trays\/","url":"https:\/\/efir.club\/en\/shop\/abode-line-en\/abode-modular-trays\/","name":"ab\u014dde Modular Trays &#8226; Efir Club &#8226; doTerra","isPartOf":{"@id":"https:\/\/efir.club\/en\/#website"},"primaryImageOfPage":{"@id":"https:\/\/efir.club\/en\/shop\/abode-line-en\/abode-modular-trays\/#primaryimage"},"image":{"@id":"https:\/\/efir.club\/en\/shop\/abode-line-en\/abode-modular-trays\/#primaryimage"},"thumbnailUrl":"https:\/\/efir.club\/wp-content\/uploads\/2024\/05\/27960255741982.png","datePublished":"2024-05-10T12:14:39+00:00","dateModified":"2024-05-10T13:45:05+00:00","description":"Give your doTERRA ab\u014dde products a beautiful and convenient home on your countertop with the doTERRA ab\u014dde Modular Trays. \u041f\u0440\u043e\u0434\u0443\u043a\u0446\u0456\u044f \u043a\u043e\u043c\u043f\u0430\u043d\u0456\u0457 doTerra (\u0434\u043e\u0422\u0435\u0440\u0440\u0430)","breadcrumb":{"@id":"https:\/\/efir.club\/en\/shop\/abode-line-en\/abode-modular-trays\/#breadcrumb"},"inLanguage":"en-US","potentialAction":[{"@type":"ReadAction","target":["https:\/\/efir.club\/en\/shop\/abode-line-en\/abode-modular-trays\/"]}]},{"@type":"ImageObject","inLanguage":"en-US","@id":"https:\/\/efir.club\/en\/shop\/abode-line-en\/abode-modular-trays\/#primaryimage","url":"https:\/\/efir.club\/wp-content\/uploads\/2024\/05\/27960255741982.png","contentUrl":"https:\/\/efir.club\/wp-content\/uploads\/2024\/05\/27960255741982.png","width":546,"height":819},{"@type":"BreadcrumbList","@id":"https:\/\/efir.club\/en\/shop\/abode-line-en\/abode-modular-trays\/#breadcrumb","itemListElement":[{"@type":"ListItem","position":1,"name":"Home","item":"https:\/\/efir.club\/en\/"},{"@type":"ListItem","position":2,"name":"Shop","item":"https:\/\/efir.club\/en\/shop\/"},{"@type":"ListItem","position":3,"name":"ab\u014dde Line","item":"https:\/\/efir.club\/en\/shop\/abode-line-en\/"},{"@type":"ListItem","position":4,"name":"ab\u014dde Modular Trays"}]},{"@type":"WebSite","@id":"https:\/\/efir.club\/en\/#website","url":"https:\/\/efir.club\/en\/","name":"Efir Club","description":"\u0415\u0444\u0456\u0440 \u043a\u043b\u0430\u0431","publisher":{"@id":"https:\/\/efir.club\/en\/#organization"},"alternateName":"\u0415\u0444\u0456\u0440 \u041a\u043b\u0430\u0431","potentialAction":[{"@type":"SearchAction","target":{"@type":"EntryPoint","urlTemplate":"https:\/\/efir.club\/en\/?s={search_term_string}"},"query-input":{"@type":"PropertyValueSpecification","valueRequired":true,"valueName":"search_term_string"}}],"inLanguage":"en-US"},{"@type":"Organization","@id":"https:\/\/efir.club\/en\/#organization","name":"\u0415\u0444\u0456\u0440 \u041a\u043b\u0430\u0431","alternateName":"\u0415\u0444\u0456\u0440 \u041a\u043b\u0430\u0431","url":"https:\/\/efir.club\/en\/","logo":{"@type":"ImageObject","inLanguage":"en-US","@id":"https:\/\/efir.club\/en\/#\/schema\/logo\/image\/","url":"https:\/\/efir.club\/wp-content\/uploads\/2023\/10\/512-min-efir-club.png","contentUrl":"https:\/\/efir.club\/wp-content\/uploads\/2023\/10\/512-min-efir-club.png","width":512,"height":512,"caption":"\u0415\u0444\u0456\u0440 \u041a\u043b\u0430\u0431"},"image":{"@id":"https:\/\/efir.club\/en\/#\/schema\/logo\/image\/"},"sameAs":["https:\/\/www.facebook.com\/efir.club","https:\/\/www.instagram.com\/efirclub.ua","https:\/\/t.me\/efirclubgroup"],"description":"\u0414\u0438\u0441\u0442\u0440\u0438\u0431\u044e\u0446\u0456\u044f \u043f\u0440\u043e\u0434\u0443\u043a\u0446\u0456\u0457 \u0435\u0444\u0456\u0440\u043d\u0438\u0445 \u043e\u043b\u0456\u0439 doTerra. \u0411\u0456\u0437\u043d\u0435\u0441-\u043a\u0443\u0440\u0441\u0438 \u0442\u0430 \u043d\u0430\u0432\u0447\u0430\u043d\u043d\u044f \u041c\u041b\u041c. EFIR CLUB \u2013 \u0432\u043b\u0430\u0441\u043d\u0435 \u043e\u0431\u2019\u0454\u0434\u043d\u0430\u043d\u043d\u044f \u0443 \u043a\u043e\u043c\u043f\u0430\u043d\u0456\u0457 \u043d\u0430\u0434\u0456\u0439\u043d\u0438\u0445 \u043f\u0430\u0440\u0442\u043d\u0435\u0440\u0456\u0432."}]},"product_price_amount":"16.00","product_price_currency":"USD","og_availability":"instock","product_availability":"instock","product_retailer_item_id":"60218576","product_condition":"new"},"jetpack_sharing_enabled":true,"_links":{"self":[{"href":"https:\/\/efir.club\/en\/wp-json\/wp\/v2\/product\/16679","targetHints":{"allow":["GET"]}}],"collection":[{"href":"https:\/\/efir.club\/en\/wp-json\/wp\/v2\/product"}],"about":[{"href":"https:\/\/efir.club\/en\/wp-json\/wp\/v2\/types\/product"}],"wp:featuredmedia":[{"embeddable":true,"href":"https:\/\/efir.club\/en\/wp-json\/wp\/v2\/media\/16485"}],"wp:attachment":[{"href":"https:\/\/efir.club\/en\/wp-json\/wp\/v2\/media?parent=16679"}],"wp:term":[{"taxonomy":"product_brand","embeddable":true,"href":"https:\/\/efir.club\/en\/wp-json\/wp\/v2\/product_brand?post=16679"},{"taxonomy":"product_cat","embeddable":true,"href":"https:\/\/efir.club\/en\/wp-json\/wp\/v2\/product_cat?post=16679"},{"taxonomy":"product_tag","embeddable":true,"href":"https:\/\/efir.club\/en\/wp-json\/wp\/v2\/product_tag?post=16679"}],"curies":[{"name":"wp","href":"https:\/\/api.w.org\/{rel}","templated":true}]}}