{"id":16564,"date":"2024-05-10T15:12:50","date_gmt":"2024-05-10T12:12:50","guid":{"rendered":"https:\/\/efir.club\/product\/verage-skin-care-collection\/"},"modified":"2024-05-10T16:44:48","modified_gmt":"2024-05-10T13:44:48","slug":"verage-skin-care-collection","status":"publish","type":"product","link":"https:\/\/efir.club\/en\/shop\/personal-care\/verage-skin-care\/verage-skin-care-collection\/","title":{"rendered":"Ver\u00e1ge Skin Care Collection"},"content":{"rendered":"<h2>Description<\/h2>\n<\/p>\n<p>Ver\u00e1ge is an exclusive system of natural skin care products that nourish and hydrate skin and reduce the visible signs of aging. The advanced plant technology used in Ver\u00e1ge promotes the appearance of an optimal lipid balance\u2014the same balance found in healthy, youthful-looking skin. Each product is composed of true gifts from the Earth: nourishing plant extracts, pure and potent CPTG<sup>\u00ae<\/sup> essential oils, and select natural ingredients. The doTERRA Ver\u00e1ge Skin Care Collection delivers results you can see and feel, naturally.<\/p>\n<p>Harnessing powerful plant extracts, emollients, and CPTG<sup>\u00ae<\/sup> essential oils, Verage provides your skin with everything it needs. Using the same stringent standards found in our CPTG<sup>\u00ae<\/sup> essential oils, the ingredients used in Ver\u00e1ge are of the highest quality and purity. Each product in the Ver\u00e1ge system contains plant extracts that have been extensively researched and shown to promote youthful-looking skin. Ver\u00e1ge has been scientifically formulated to provide a natural and efficacious system that brings skin back to life. Using Verage daily will promote a smooth, resilient, glowing complexion.<\/p>\n<h2>Kit Includes:<\/h2>\n<ul>\n<li><a href=\"https:\/\/www.doterra.com\/US\/en\/p\/personal-care-verage-cleanser\">Ver\u00e1ge<sup>\u00ae<\/sup> Cleanser<\/a><\/li>\n<li><a href=\"https:\/\/www.doterra.com\/US\/en\/p\/personal-care-verage-toner\">Ver\u00e1ge<sup>\u00ae<\/sup> Toner<\/a><\/li>\n<li><a href=\"https:\/\/www.doterra.com\/US\/en\/p\/personal-care-verage-immortelle-hydrating-serum\">Ver\u00e1ge<sup>\u00ae<\/sup> Immortelle Hydrating Serum<\/a><\/li>\n<li><a href=\"https:\/\/www.doterra.com\/US\/en\/p\/personal-care-verage-moisturizer\">Ver\u00e1ge<sup>\u00ae<\/sup> Moisturizer<\/a><\/li>\n<\/ul>\n<div id=\"more-info2\">\n","protected":false},"excerpt":{"rendered":"<p>The Ver\u00e1ge Skin Care Collection contains only the best natural ingredients of doTERRA&nbsp;essential oils, emollients, and plant extracts that will leave skin feeling nourished and hydrated while encouraging confidence through reduced signs of visible aging.<\/p>\n","protected":false},"featured_media":16278,"template":"","meta":[],"product_brand":[],"product_cat":[6796,6806],"product_tag":[],"class_list":{"0":"post-16564","1":"product","2":"type-product","3":"status-publish","4":"has-post-thumbnail","6":"product_cat-personal-care","7":"product_cat-verage-skin-care","8":"pa_fasuvannya-1-kit","9":"pa_virobnik-doterra","11":"first","12":"instock","13":"sale","14":"purchasable","15":"product-type-simple"},"yoast_head":"<!-- This site is optimized with the Yoast SEO Premium plugin v24.0 (Yoast SEO v24.3) - https:\/\/yoast.com\/wordpress\/plugins\/seo\/ -->\n<title>Ver\u00e1ge Skin Care Collection &#8226; Efir Club &#8226; doTerra<\/title>\n<meta name=\"description\" content=\"The Ver\u00e1ge Skin Care Collection contains only the best natural ingredients of doTERRA&nbsp;essential oils, emollients, and plant extracts that will leave skin feeling nourished and hydrated while encouraging confidence through reduced signs of visible aging. \u041f\u0440\u043e\u0434\u0443\u043a\u0446\u0456\u044f \u043a\u043e\u043c\u043f\u0430\u043d\u0456\u0457 doTerra (\u0434\u043e\u0422\u0435\u0440\u0440\u0430)\" \/>\n<meta name=\"robots\" content=\"index, follow, max-snippet:-1, max-image-preview:large, max-video-preview:-1\" \/>\n<meta property=\"og:locale\" content=\"en_US\" \/>\n<meta property=\"og:type\" content=\"article\" \/>\n<meta property=\"og:title\" content=\"Ver\u00e1ge Skin Care Collection &#8226; Efir Club &#8226; doTerra\" \/>\n<meta property=\"og:description\" content=\"The Ver\u00e1ge Skin Care Collection contains only the best natural ingredients of doTERRA&nbsp;essential oils, emollients, and plant extracts that will leave skin feeling nourished and hydrated while encouraging confidence through reduced signs of visible aging. \u041f\u0440\u043e\u0434\u0443\u043a\u0446\u0456\u044f \u043a\u043e\u043c\u043f\u0430\u043d\u0456\u0457 doTerra (\u0434\u043e\u0422\u0435\u0440\u0440\u0430)\" \/>\n<meta property=\"og:url\" content=\"https:\/\/efir.club\/en\/shop\/personal-care\/verage-skin-care\/verage-skin-care-collection\/\" \/>\n<meta property=\"og:site_name\" content=\"Efir Club\" \/>\n<meta property=\"article:publisher\" content=\"https:\/\/www.facebook.com\/efir.club\" \/>\n<meta property=\"article:modified_time\" content=\"2024-05-10T13:44:48+00:00\" \/>\n<meta property=\"og:image\" content=\"https:\/\/efir.club\/wp-content\/uploads\/2024\/05\/28009742139422.png\" \/>\n\t<meta property=\"og:image:width\" content=\"546\" \/>\n\t<meta property=\"og:image:height\" content=\"819\" \/>\n\t<meta property=\"og:image:type\" content=\"image\/png\" \/>\n<meta name=\"twitter:card\" content=\"summary_large_image\" \/>\n<meta name=\"twitter:label1\" content=\"Price\" \/>\n\t<meta name=\"twitter:data1\" content=\"105.00&nbsp;&#036;\" \/>\n\t<meta name=\"twitter:label2\" content=\"Availability\" \/>\n\t<meta name=\"twitter:data2\" content=\"In stock\" \/>\n<script type=\"application\/ld+json\" class=\"yoast-schema-graph\">{\"@context\":\"https:\/\/schema.org\",\"@graph\":[{\"@type\":\"WebPage\",\"@id\":\"https:\/\/efir.club\/en\/shop\/personal-care\/verage-skin-care\/verage-skin-care-collection\/\",\"url\":\"https:\/\/efir.club\/en\/shop\/personal-care\/verage-skin-care\/verage-skin-care-collection\/\",\"name\":\"Ver\u00e1ge Skin Care Collection &#8226; Efir Club &#8226; doTerra\",\"isPartOf\":{\"@id\":\"https:\/\/efir.club\/en\/#website\"},\"primaryImageOfPage\":{\"@id\":\"https:\/\/efir.club\/en\/shop\/personal-care\/verage-skin-care\/verage-skin-care-collection\/#primaryimage\"},\"image\":{\"@id\":\"https:\/\/efir.club\/en\/shop\/personal-care\/verage-skin-care\/verage-skin-care-collection\/#primaryimage\"},\"thumbnailUrl\":\"https:\/\/efir.club\/wp-content\/uploads\/2024\/05\/28009742139422.png\",\"datePublished\":\"2024-05-10T12:12:50+00:00\",\"dateModified\":\"2024-05-10T13:44:48+00:00\",\"description\":\"The Ver\u00e1ge Skin Care Collection contains only the best natural ingredients of doTERRA&nbsp;essential oils, emollients, and plant extracts that will leave skin feeling nourished and hydrated while encouraging confidence through reduced signs of visible aging. \u041f\u0440\u043e\u0434\u0443\u043a\u0446\u0456\u044f \u043a\u043e\u043c\u043f\u0430\u043d\u0456\u0457 doTerra (\u0434\u043e\u0422\u0435\u0440\u0440\u0430)\",\"breadcrumb\":{\"@id\":\"https:\/\/efir.club\/en\/shop\/personal-care\/verage-skin-care\/verage-skin-care-collection\/#breadcrumb\"},\"inLanguage\":\"en-US\",\"potentialAction\":[{\"@type\":\"ReadAction\",\"target\":[\"https:\/\/efir.club\/en\/shop\/personal-care\/verage-skin-care\/verage-skin-care-collection\/\"]}]},{\"@type\":\"ImageObject\",\"inLanguage\":\"en-US\",\"@id\":\"https:\/\/efir.club\/en\/shop\/personal-care\/verage-skin-care\/verage-skin-care-collection\/#primaryimage\",\"url\":\"https:\/\/efir.club\/wp-content\/uploads\/2024\/05\/28009742139422.png\",\"contentUrl\":\"https:\/\/efir.club\/wp-content\/uploads\/2024\/05\/28009742139422.png\",\"width\":546,\"height\":819,\"caption\":\"Ver\u00e1ge Skin Care Collection\"},{\"@type\":\"BreadcrumbList\",\"@id\":\"https:\/\/efir.club\/en\/shop\/personal-care\/verage-skin-care\/verage-skin-care-collection\/#breadcrumb\",\"itemListElement\":[{\"@type\":\"ListItem\",\"position\":1,\"name\":\"Home\",\"item\":\"https:\/\/efir.club\/en\/\"},{\"@type\":\"ListItem\",\"position\":2,\"name\":\"Shop\",\"item\":\"https:\/\/efir.club\/en\/shop\/\"},{\"@type\":\"ListItem\",\"position\":3,\"name\":\"Personal care\",\"item\":\"https:\/\/efir.club\/en\/shop\/personal-care\/\"},{\"@type\":\"ListItem\",\"position\":4,\"name\":\"Ver\u00e1ge Skin Care\",\"item\":\"https:\/\/efir.club\/en\/shop\/personal-care\/verage-skin-care\/\"},{\"@type\":\"ListItem\",\"position\":5,\"name\":\"Ver\u00e1ge Skin Care Collection\"}]},{\"@type\":\"WebSite\",\"@id\":\"https:\/\/efir.club\/en\/#website\",\"url\":\"https:\/\/efir.club\/en\/\",\"name\":\"Efir Club\",\"description\":\"\u0415\u0444\u0456\u0440 \u043a\u043b\u0430\u0431\",\"publisher\":{\"@id\":\"https:\/\/efir.club\/en\/#organization\"},\"alternateName\":\"\u0415\u0444\u0456\u0440 \u041a\u043b\u0430\u0431\",\"potentialAction\":[{\"@type\":\"SearchAction\",\"target\":{\"@type\":\"EntryPoint\",\"urlTemplate\":\"https:\/\/efir.club\/en\/?s={search_term_string}\"},\"query-input\":{\"@type\":\"PropertyValueSpecification\",\"valueRequired\":true,\"valueName\":\"search_term_string\"}}],\"inLanguage\":\"en-US\"},{\"@type\":\"Organization\",\"@id\":\"https:\/\/efir.club\/en\/#organization\",\"name\":\"\u0415\u0444\u0456\u0440 \u041a\u043b\u0430\u0431\",\"alternateName\":\"\u0415\u0444\u0456\u0440 \u041a\u043b\u0430\u0431\",\"url\":\"https:\/\/efir.club\/en\/\",\"logo\":{\"@type\":\"ImageObject\",\"inLanguage\":\"en-US\",\"@id\":\"https:\/\/efir.club\/en\/#\/schema\/logo\/image\/\",\"url\":\"https:\/\/efir.club\/wp-content\/uploads\/2023\/10\/512-min-efir-club.png\",\"contentUrl\":\"https:\/\/efir.club\/wp-content\/uploads\/2023\/10\/512-min-efir-club.png\",\"width\":512,\"height\":512,\"caption\":\"\u0415\u0444\u0456\u0440 \u041a\u043b\u0430\u0431\"},\"image\":{\"@id\":\"https:\/\/efir.club\/en\/#\/schema\/logo\/image\/\"},\"sameAs\":[\"https:\/\/www.facebook.com\/efir.club\",\"https:\/\/www.instagram.com\/efirclub.ua\",\"https:\/\/t.me\/efirclubgroup\"],\"description\":\"\u0414\u0438\u0441\u0442\u0440\u0438\u0431\u044e\u0446\u0456\u044f \u043f\u0440\u043e\u0434\u0443\u043a\u0446\u0456\u0457 \u0435\u0444\u0456\u0440\u043d\u0438\u0445 \u043e\u043b\u0456\u0439 doTerra. \u0411\u0456\u0437\u043d\u0435\u0441-\u043a\u0443\u0440\u0441\u0438 \u0442\u0430 \u043d\u0430\u0432\u0447\u0430\u043d\u043d\u044f \u041c\u041b\u041c. EFIR CLUB \u2013 \u0432\u043b\u0430\u0441\u043d\u0435 \u043e\u0431\u2019\u0454\u0434\u043d\u0430\u043d\u043d\u044f \u0443 \u043a\u043e\u043c\u043f\u0430\u043d\u0456\u0457 \u043d\u0430\u0434\u0456\u0439\u043d\u0438\u0445 \u043f\u0430\u0440\u0442\u043d\u0435\u0440\u0456\u0432.\"}]}<\/script>\n<meta property=\"product:price:amount\" content=\"105.00\" \/>\n<meta property=\"product:price:currency\" content=\"USD\" \/>\n<meta property=\"og:availability\" content=\"instock\" \/>\n<meta property=\"product:availability\" content=\"instock\" \/>\n<meta property=\"product:retailer_item_id\" content=\"42690001\" \/>\n<meta property=\"product:condition\" content=\"new\" \/>\n<!-- \/ Yoast SEO Premium plugin. -->","yoast_head_json":{"title":"Ver\u00e1ge Skin Care Collection &#8226; Efir Club &#8226; doTerra","description":"The Ver\u00e1ge Skin Care Collection contains only the best natural ingredients of doTERRA&nbsp;essential oils, emollients, and plant extracts that will leave skin feeling nourished and hydrated while encouraging confidence through reduced signs of visible aging. \u041f\u0440\u043e\u0434\u0443\u043a\u0446\u0456\u044f \u043a\u043e\u043c\u043f\u0430\u043d\u0456\u0457 doTerra (\u0434\u043e\u0422\u0435\u0440\u0440\u0430)","robots":{"index":"index","follow":"follow","max-snippet":"max-snippet:-1","max-image-preview":"max-image-preview:large","max-video-preview":"max-video-preview:-1"},"og_locale":"en_US","og_type":"article","og_title":"Ver\u00e1ge Skin Care Collection &#8226; Efir Club &#8226; doTerra","og_description":"The Ver\u00e1ge Skin Care Collection contains only the best natural ingredients of doTERRA&nbsp;essential oils, emollients, and plant extracts that will leave skin feeling nourished and hydrated while encouraging confidence through reduced signs of visible aging. \u041f\u0440\u043e\u0434\u0443\u043a\u0446\u0456\u044f \u043a\u043e\u043c\u043f\u0430\u043d\u0456\u0457 doTerra (\u0434\u043e\u0422\u0435\u0440\u0440\u0430)","og_url":"https:\/\/efir.club\/en\/shop\/personal-care\/verage-skin-care\/verage-skin-care-collection\/","og_site_name":"Efir Club","article_publisher":"https:\/\/www.facebook.com\/efir.club","article_modified_time":"2024-05-10T13:44:48+00:00","og_image":[{"width":546,"height":819,"url":"https:\/\/efir.club\/wp-content\/uploads\/2024\/05\/28009742139422.png","type":"image\/png"}],"twitter_card":"summary_large_image","twitter_misc":{"Price":"105.00&nbsp;&#36;","Availability":"In stock"},"schema":{"@context":"https:\/\/schema.org","@graph":[{"@type":"WebPage","@id":"https:\/\/efir.club\/en\/shop\/personal-care\/verage-skin-care\/verage-skin-care-collection\/","url":"https:\/\/efir.club\/en\/shop\/personal-care\/verage-skin-care\/verage-skin-care-collection\/","name":"Ver\u00e1ge Skin Care Collection &#8226; Efir Club &#8226; doTerra","isPartOf":{"@id":"https:\/\/efir.club\/en\/#website"},"primaryImageOfPage":{"@id":"https:\/\/efir.club\/en\/shop\/personal-care\/verage-skin-care\/verage-skin-care-collection\/#primaryimage"},"image":{"@id":"https:\/\/efir.club\/en\/shop\/personal-care\/verage-skin-care\/verage-skin-care-collection\/#primaryimage"},"thumbnailUrl":"https:\/\/efir.club\/wp-content\/uploads\/2024\/05\/28009742139422.png","datePublished":"2024-05-10T12:12:50+00:00","dateModified":"2024-05-10T13:44:48+00:00","description":"The Ver\u00e1ge Skin Care Collection contains only the best natural ingredients of doTERRA&nbsp;essential oils, emollients, and plant extracts that will leave skin feeling nourished and hydrated while encouraging confidence through reduced signs of visible aging. \u041f\u0440\u043e\u0434\u0443\u043a\u0446\u0456\u044f \u043a\u043e\u043c\u043f\u0430\u043d\u0456\u0457 doTerra (\u0434\u043e\u0422\u0435\u0440\u0440\u0430)","breadcrumb":{"@id":"https:\/\/efir.club\/en\/shop\/personal-care\/verage-skin-care\/verage-skin-care-collection\/#breadcrumb"},"inLanguage":"en-US","potentialAction":[{"@type":"ReadAction","target":["https:\/\/efir.club\/en\/shop\/personal-care\/verage-skin-care\/verage-skin-care-collection\/"]}]},{"@type":"ImageObject","inLanguage":"en-US","@id":"https:\/\/efir.club\/en\/shop\/personal-care\/verage-skin-care\/verage-skin-care-collection\/#primaryimage","url":"https:\/\/efir.club\/wp-content\/uploads\/2024\/05\/28009742139422.png","contentUrl":"https:\/\/efir.club\/wp-content\/uploads\/2024\/05\/28009742139422.png","width":546,"height":819,"caption":"Ver\u00e1ge Skin Care Collection"},{"@type":"BreadcrumbList","@id":"https:\/\/efir.club\/en\/shop\/personal-care\/verage-skin-care\/verage-skin-care-collection\/#breadcrumb","itemListElement":[{"@type":"ListItem","position":1,"name":"Home","item":"https:\/\/efir.club\/en\/"},{"@type":"ListItem","position":2,"name":"Shop","item":"https:\/\/efir.club\/en\/shop\/"},{"@type":"ListItem","position":3,"name":"Personal care","item":"https:\/\/efir.club\/en\/shop\/personal-care\/"},{"@type":"ListItem","position":4,"name":"Ver\u00e1ge Skin Care","item":"https:\/\/efir.club\/en\/shop\/personal-care\/verage-skin-care\/"},{"@type":"ListItem","position":5,"name":"Ver\u00e1ge Skin Care Collection"}]},{"@type":"WebSite","@id":"https:\/\/efir.club\/en\/#website","url":"https:\/\/efir.club\/en\/","name":"Efir Club","description":"\u0415\u0444\u0456\u0440 \u043a\u043b\u0430\u0431","publisher":{"@id":"https:\/\/efir.club\/en\/#organization"},"alternateName":"\u0415\u0444\u0456\u0440 \u041a\u043b\u0430\u0431","potentialAction":[{"@type":"SearchAction","target":{"@type":"EntryPoint","urlTemplate":"https:\/\/efir.club\/en\/?s={search_term_string}"},"query-input":{"@type":"PropertyValueSpecification","valueRequired":true,"valueName":"search_term_string"}}],"inLanguage":"en-US"},{"@type":"Organization","@id":"https:\/\/efir.club\/en\/#organization","name":"\u0415\u0444\u0456\u0440 \u041a\u043b\u0430\u0431","alternateName":"\u0415\u0444\u0456\u0440 \u041a\u043b\u0430\u0431","url":"https:\/\/efir.club\/en\/","logo":{"@type":"ImageObject","inLanguage":"en-US","@id":"https:\/\/efir.club\/en\/#\/schema\/logo\/image\/","url":"https:\/\/efir.club\/wp-content\/uploads\/2023\/10\/512-min-efir-club.png","contentUrl":"https:\/\/efir.club\/wp-content\/uploads\/2023\/10\/512-min-efir-club.png","width":512,"height":512,"caption":"\u0415\u0444\u0456\u0440 \u041a\u043b\u0430\u0431"},"image":{"@id":"https:\/\/efir.club\/en\/#\/schema\/logo\/image\/"},"sameAs":["https:\/\/www.facebook.com\/efir.club","https:\/\/www.instagram.com\/efirclub.ua","https:\/\/t.me\/efirclubgroup"],"description":"\u0414\u0438\u0441\u0442\u0440\u0438\u0431\u044e\u0446\u0456\u044f \u043f\u0440\u043e\u0434\u0443\u043a\u0446\u0456\u0457 \u0435\u0444\u0456\u0440\u043d\u0438\u0445 \u043e\u043b\u0456\u0439 doTerra. \u0411\u0456\u0437\u043d\u0435\u0441-\u043a\u0443\u0440\u0441\u0438 \u0442\u0430 \u043d\u0430\u0432\u0447\u0430\u043d\u043d\u044f \u041c\u041b\u041c. EFIR CLUB \u2013 \u0432\u043b\u0430\u0441\u043d\u0435 \u043e\u0431\u2019\u0454\u0434\u043d\u0430\u043d\u043d\u044f \u0443 \u043a\u043e\u043c\u043f\u0430\u043d\u0456\u0457 \u043d\u0430\u0434\u0456\u0439\u043d\u0438\u0445 \u043f\u0430\u0440\u0442\u043d\u0435\u0440\u0456\u0432."}]},"product_price_amount":"105.00","product_price_currency":"USD","og_availability":"instock","product_availability":"instock","product_retailer_item_id":"42690001","product_condition":"new"},"jetpack_sharing_enabled":true,"_links":{"self":[{"href":"https:\/\/efir.club\/en\/wp-json\/wp\/v2\/product\/16564","targetHints":{"allow":["GET"]}}],"collection":[{"href":"https:\/\/efir.club\/en\/wp-json\/wp\/v2\/product"}],"about":[{"href":"https:\/\/efir.club\/en\/wp-json\/wp\/v2\/types\/product"}],"wp:featuredmedia":[{"embeddable":true,"href":"https:\/\/efir.club\/en\/wp-json\/wp\/v2\/media\/16278"}],"wp:attachment":[{"href":"https:\/\/efir.club\/en\/wp-json\/wp\/v2\/media?parent=16564"}],"wp:term":[{"taxonomy":"product_brand","embeddable":true,"href":"https:\/\/efir.club\/en\/wp-json\/wp\/v2\/product_brand?post=16564"},{"taxonomy":"product_cat","embeddable":true,"href":"https:\/\/efir.club\/en\/wp-json\/wp\/v2\/product_cat?post=16564"},{"taxonomy":"product_tag","embeddable":true,"href":"https:\/\/efir.club\/en\/wp-json\/wp\/v2\/product_tag?post=16564"}],"curies":[{"name":"wp","href":"https:\/\/api.w.org\/{rel}","templated":true}]}}